{"id":9500,"date":"2024-09-06T14:03:07","date_gmt":"2024-09-06T12:03:07","guid":{"rendered":"https:\/\/biss.com.pl\/bedingungen-und-konditionen-des-newsletters\/"},"modified":"2025-01-27T11:25:01","modified_gmt":"2025-01-27T10:25:01","slug":"bedingungen-und-konditionen-des-newsletters","status":"publish","type":"page","link":"https:\/\/biss.com.pl\/de\/bedingungen-und-konditionen-des-newsletters\/","title":{"rendered":"Bedingungen und Konditionen des Newsletters"},"content":{"rendered":"\t\t<div data-elementor-type=\"wp-page\" data-elementor-id=\"9500\" class=\"elementor elementor-9500 elementor-5361\" data-elementor-post-type=\"page\">\n\t\t\t\t<div class=\"elementor-element elementor-element-93ec4a8 e-flex e-con-boxed e-con e-parent\" data-id=\"93ec4a8\" data-element_type=\"container\" data-settings=\"{&quot;jet_parallax_layout_list&quot;:[]}\">\n\t\t\t\t\t<div class=\"e-con-inner\">\n\t\t\t\t<div class=\"elementor-element elementor-element-545d43a blue-gradient elementor-widget elementor-widget-heading\" data-id=\"545d43a\" data-element_type=\"widget\" data-widget_type=\"heading.default\">\n\t\t\t\t<div class=\"elementor-widget-container\">\n\t\t\t\t\t<h1 class=\"elementor-heading-title elementor-size-default\">Bedingungen und Konditionen des Newsletters  <\/h1>\t\t\t\t<\/div>\n\t\t\t\t<\/div>\n\t\t<div class=\"elementor-element elementor-element-55981d2 e-con-full e-flex e-con e-child\" data-id=\"55981d2\" data-element_type=\"container\" data-settings=\"{&quot;jet_parallax_layout_list&quot;:[]}\">\n\t\t\t\t<div class=\"elementor-element elementor-element-5c39c2b elementor-widget elementor-widget-heading\" data-id=\"5c39c2b\" data-element_type=\"widget\" data-widget_type=\"heading.default\">\n\t\t\t\t<div class=\"elementor-widget-container\">\n\t\t\t\t\t<p class=\"elementor-heading-title elementor-size-default\">\u00a71.\nVorl\u00e4ufige Bestimmungen <\/p>\t\t\t\t<\/div>\n\t\t\t\t<\/div>\n\t\t\t\t<div class=\"elementor-element elementor-element-01039e1 elementor-widget elementor-widget-text-editor\" data-id=\"01039e1\" data-element_type=\"widget\" data-widget_type=\"text-editor.default\">\n\t\t\t\t<div class=\"elementor-widget-container\">\n\t\t\t\t\t\t\t\t\t<ol>\n<li>Die Bestimmungen regeln die Bedingungen f\u00fcr die Bereitstellung des Newsletters (in Form von digitalen Inhalten) per E-Mail durch den Anbieter.  <\/li>\n<li>Jeder Nutzer und Verbraucher ist verpflichtet, die in den Allgemeinen Gesch\u00e4ftsbedingungen dargelegten Bedingungen zu lesen und zu akzeptieren, bevor er einen Vertrag mit einem Anbieter abschlie\u00dft.  <\/li>\n<\/ol>\t\t\t\t\t\t\t\t<\/div>\n\t\t\t\t<\/div>\n\t\t\t\t<div class=\"elementor-element elementor-element-9d34158 elementor-widget elementor-widget-heading\" data-id=\"9d34158\" data-element_type=\"widget\" data-widget_type=\"heading.default\">\n\t\t\t\t<div class=\"elementor-widget-container\">\n\t\t\t\t\t<p class=\"elementor-heading-title elementor-size-default\">\u00a72.\nDefinitionen <\/p>\t\t\t\t<\/div>\n\t\t\t\t<\/div>\n\t\t\t\t<div class=\"elementor-element elementor-element-d3550e9 elementor-widget elementor-widget-text-editor\" data-id=\"d3550e9\" data-element_type=\"widget\" data-widget_type=\"text-editor.default\">\n\t\t\t\t<div class=\"elementor-widget-container\">\n\t\t\t\t\t\t\t\t\t<p>Die in den Regeln verwendeten Definitionen sind wie folgt zu verstehen:<\/p>\n<ol>\n<li><strong>Anbieter<\/strong> &#8211; BISS Drukarnia Opakowa\u0144 Skowro\u0144ska Sp\u00f3\u0142ka komandytowa, ul.<br \/>\nHandlowa 4, 36-100 Kolbuszowa Polen, NIP: 8141686328 <\/li>\n<li><strong>Nutzer<\/strong> &#8211; eine voll gesch\u00e4ftsf\u00e4hige Person, die den Newsletter abonniert und damit einen Vertrag mit dem Anbieter eingeht.<\/li>\n<li><strong>Verbraucher<\/strong> &#8211; eine nat\u00fcrliche Person, die einen Vertrag mit einem Gesundheitsdienstleister f\u00fcr Zwecke abschlie\u00dft, die nicht direkt mit ihrer gewerblichen oder beruflichen T\u00e4tigkeit zusammenh\u00e4ngen.<\/li>\n<li><strong>Unternehmer in Bezug auf die Rechte eines Verbrauchers<\/strong> &#8211; eine nat\u00fcrliche Person, die einen Vertrag mit einem Gesundheitsdienstleister abschlie\u00dft, der in unmittelbarem Zusammenhang mit ihrer gesch\u00e4ftlichen T\u00e4tigkeit steht, wenn sich aus dem Inhalt dieses Vertrags ergibt, dass er f\u00fcr sie keinen beruflichen Charakter hat, der sich insbesondere aus dem Gegenstand ihrer gesch\u00e4ftlichen T\u00e4tigkeit ergibt (wie im CEIDG definiert).<\/li>\n<li>Website &#8211; die vom Provider unterhaltene <strong>Website<\/strong>, verf\u00fcgbar unter: <a href=\"https:\/\/biss.com.pl\/de\/\">https:\/\/biss.com.pl\/<\/a><\/li>\n<li><strong>Newsletter<\/strong> &#8211; digitale Inhalte, die an Personen geliefert werden, die sich \u00fcber das Anmeldeformular auf der Website des Anbieters angemeldet haben.<br \/>\nEin Element des Newsletter-Dienstes kann auch der sogenannte.<br \/>\nEin Element des Newsletter-Dienstes kann auch ein Lead-Magnet (Geschenk f\u00fcr die Anmeldung, z.B. ein E-Book) sein, der dem Nutzer nach der Anmeldung zum Newsletter einmalig zugestellt wird.  <\/li>\n<li><strong>Digitale Umgebung<\/strong> &#8211; die Computerhardware, die Software und die Netzwerkverbindungen, die der Nutzer verwendet, um auf die digitalen Inhalte des Newsletters zuzugreifen und die Website zu nutzen.<\/li>\n<li><strong>Anmeldeformular<\/strong> &#8211; ein auf der Website verf\u00fcgbares Formular zum Abschluss eines Vertrags \u00fcber die Bereitstellung des Newsletters.<\/li>\n<li><strong>Vertrag<\/strong> &#8211; ein Vertrag, der im Fernabsatz mit dem Nutzer im Rahmen eines organisierten Fernabsatzsystems (einschlie\u00dflich des Anmeldeformulars auf der Website) ohne gleichzeitige physische Anwesenheit der Parteien und unter ausschlie\u00dflicher Verwendung eines oder mehrerer Fernkommunikationsmittel bis zum und einschlie\u00dflich des Vertragsabschlusses geschlossen wird.<\/li>\n<li><strong>Gesch\u00e4ftsordnung<\/strong> &#8211; diese Gesch\u00e4ftsordnung.<\/li>\n<\/ol>\n\t\t\t\t\t\t\t\t<\/div>\n\t\t\t\t<\/div>\n\t\t\t\t<div class=\"elementor-element elementor-element-baf3f7e elementor-widget elementor-widget-heading\" data-id=\"baf3f7e\" data-element_type=\"widget\" data-widget_type=\"heading.default\">\n\t\t\t\t<div class=\"elementor-widget-container\">\n\t\t\t\t\t<p class=\"elementor-heading-title elementor-size-default\">\u00a73.\nKontakt mit dem Dienstanbieter   <\/p>\t\t\t\t<\/div>\n\t\t\t\t<\/div>\n\t\t\t\t<div class=\"elementor-element elementor-element-276fe2e elementor-widget elementor-widget-text-editor\" data-id=\"276fe2e\" data-element_type=\"widget\" data-widget_type=\"text-editor.default\">\n\t\t\t\t<div class=\"elementor-widget-container\">\n\t\t\t\t\t\t\t\t\t<ol>\n    <li>Der Nutzer kann sich insbesondere mit dem Anbieter in Verbindung setzen:  <ol type=\"a\">\n            <li>per E-Mail an: biuro@biss.com.pl.  <\/li>\n            <li>\u00fcber das Kontaktformular unter: https:\/\/biss.com.pl\/  <\/li>\n            <li>schriftlich an die folgende Adresse: ul.\nHandlowa 4, 36-100 Kolbuszowa, Polen   <\/li>\n<li>sowie per Telefon: +48 17 227 10 43 unter.\n8:00-16:00 Uhr an Werktagen.   <\/li>\n        <\/ol>\n<\/ol>\t\t\t\t\t\t\t\t<\/div>\n\t\t\t\t<\/div>\n\t\t\t\t<div class=\"elementor-element elementor-element-fe428fa elementor-widget elementor-widget-heading\" data-id=\"fe428fa\" data-element_type=\"widget\" data-widget_type=\"heading.default\">\n\t\t\t\t<div class=\"elementor-widget-container\">\n\t\t\t\t\t<p class=\"elementor-heading-title elementor-size-default\">\u00a74.\nDie digitale Umgebung des Benutzers <\/p>\t\t\t\t<\/div>\n\t\t\t\t<\/div>\n\t\t\t\t<div class=\"elementor-element elementor-element-5e85f30 elementor-widget elementor-widget-text-editor\" data-id=\"5e85f30\" data-element_type=\"widget\" data-widget_type=\"text-editor.default\">\n\t\t\t\t<div class=\"elementor-widget-container\">\n\t\t\t\t\t\t\t\t\t<ol>\n \t<li>Um die Website nutzen und den Newsletter abonnieren zu k\u00f6nnen, sind folgende Angaben erforderlich:  <ol type=\"a\">\n \t<li>ein Endger\u00e4t mit Internetzugang, einem Betriebssystem und einem Webbrowser, mit dem Sie im Internet surfen k\u00f6nnen,<\/li>\n \t<li>pdf, word, excel viewer,<\/li>\n \t<li>eine aktive elektronische Postadresse (E-Mail).<\/li>\n<\/ol>\n<\/li>\n \t<li>Der Anbieter ergreift technische und organisatorische Ma\u00dfnahmen, um sicherzustellen, dass der Nutzer einen sicheren Zugang zur Website und zur Nutzung des Newsletters hat, insbesondere Ma\u00dfnahmen zur Verhinderung des Zugriffs und der Ver\u00e4nderung von personenbezogenen Daten durch Unbefugte.<\/li>\n \t<li>Es ist dem Nutzer untersagt, rechtswidrige Inhalte bereitzustellen.<\/li>\n \t<li>Der Anbieter ist zu einer technischen Unterbrechung der Website berechtigt, die f\u00fcr den geplanten, laufenden Betrieb und die Wartung des Servers und der Software erforderlich ist.\nIm Falle einer geplanten Unterbrechung werden die Nutzer auf der Website ausdr\u00fccklich darauf hingewiesen. <\/li>\n \t<li>Soweit gesetzlich zul\u00e4ssig, haftet der Provider nicht f\u00fcr St\u00f6rungen, einschlie\u00dflich Unterbrechungen der Website aufgrund h\u00f6herer Gewalt, unbefugter Handlungen Dritter oder Inkompatibilit\u00e4t mit der digitalen Umgebung des Nutzers.<\/li>\n<\/ol>\t\t\t\t\t\t\t\t<\/div>\n\t\t\t\t<\/div>\n\t\t\t\t<div class=\"elementor-element elementor-element-a6c8ca0 elementor-widget elementor-widget-heading\" data-id=\"a6c8ca0\" data-element_type=\"widget\" data-widget_type=\"heading.default\">\n\t\t\t\t<div class=\"elementor-widget-container\">\n\t\t\t\t\t<p class=\"elementor-heading-title elementor-size-default\">\u00a75.\nNewsletter-Abonnement   <\/p>\t\t\t\t<\/div>\n\t\t\t\t<\/div>\n\t\t\t\t<div class=\"elementor-element elementor-element-4e560b6 elementor-widget elementor-widget-text-editor\" data-id=\"4e560b6\" data-element_type=\"widget\" data-widget_type=\"text-editor.default\">\n\t\t\t\t<div class=\"elementor-widget-container\">\n\t\t\t\t\t\t\t\t\t<ol>\n \t<li>Der Newsletter ist kostenlos.\nEs fallen auch keine Versandkosten f\u00fcr den Versand an.\nDie Bedingungen f\u00fcr diesen Service werden vom Anbieter auf der Website beschrieben.    <\/li>\n \t<li>Um den Newsletter zu erhalten, gehen Sie bitte wie folgt vor:  <ol type=\"a\">\n \t<li>f\u00fcllen Sie das Newsletter-Abonnementformular auf der Website des Anbieters aus;  <\/li>\n \t<li>Einwilligung in die Verarbeitung der Daten zum Zweck des Versands des Newsletters, einschlie\u00dflich u.a.\nDirektmarketing f\u00fcr die Produkte und Dienstleistungen des Providers;   <\/li>\n \t<li>lesen und akzeptieren Sie diese Allgemeinen Gesch\u00e4ftsbedingungen und abonnieren Sie die Seite, indem Sie auf die Schaltfl\u00e4che &#8222;Abonnieren&#8220; klicken.  <\/li>\n<\/ol>\n<\/li>\n \t<li>In dem Moment, in dem der Nutzer seinen Wunsch, den Newsletter zu erhalten, durch Anklicken von &#8222;Abonnieren&#8220; \u00e4u\u00dfert, kommt ein Vertrag \u00fcber die Bereitstellung des Newsletter-Zustelldienstes zustande.  <\/li>\n \t<li>Wenn Sie einen Newsletter abonnieren, um ein E-Book herunterzuladen, wird der erste Newsletter mit einem Link zum Herunterladen des E-Books sofort zugestellt, nachdem der Newsletter-Benutzer die im vorherigen Abschnitt genannten Aktionen durchgef\u00fchrt hat.\nNachfolgende Newsletter werden vom Anbieter in der H\u00e4ufigkeit verschickt, die in der Newsletter-Beschreibung auf der Website angegeben ist.   <\/li>\n<li>Wenn der Nutzer das E-Book herunterladen m\u00f6chte, aber seine E-Mail-Adresse nicht angeben will, ist es m\u00f6glich, das E-Book zu kaufen.\nWenn Sie an einem Kauf des E-Books interessiert sind, wenden Sie sich bitte per E-Mail an den Anbieter &#8211; <a href=\"mailto:biuro@biss.com.pl\">biuro@biss.com.pl.<\/a> \n<\/li>\n<li>Der Newsletter-Liefervertrag wird auf unbestimmte Zeit geschlossen und kann jederzeit mit sofortiger Wirkung gek\u00fcndigt werden.\nDer Newsletter-Liefervertrag kann gek\u00fcndigt werden, indem Sie sich gem\u00e4\u00df den in jedem Newsletter enthaltenen Anweisungen abmelden oder indem Sie eine entsprechende Anfrage an den Anbieter an die in \u00a73 der Allgemeinen Gesch\u00e4ftsbedingungen genannte E-Mail-Adresse oder schriftlich an die dort genannte Adresse senden.   <\/li>\n<\/ol>\t\t\t\t\t\t\t\t<\/div>\n\t\t\t\t<\/div>\n\t\t\t\t<div class=\"elementor-element elementor-element-071413d elementor-widget elementor-widget-heading\" data-id=\"071413d\" data-element_type=\"widget\" data-widget_type=\"heading.default\">\n\t\t\t\t<div class=\"elementor-widget-container\">\n\t\t\t\t\t<p class=\"elementor-heading-title elementor-size-default\">\u00a76.\nFrist f\u00fcr die Lieferung von digitalen Inhalten (Newsletter)   <\/p>\t\t\t\t<\/div>\n\t\t\t\t<\/div>\n\t\t\t\t<div class=\"elementor-element elementor-element-4399121 elementor-widget elementor-widget-text-editor\" data-id=\"4399121\" data-element_type=\"widget\" data-widget_type=\"text-editor.default\">\n\t\t\t\t<div class=\"elementor-widget-container\">\n\t\t\t\t\t\t\t\t\t<ol>\n \t<li>Der Anbieter wird dem Verbraucher den Newsletter unmittelbar nach Abschluss des Vertrags zukommen lassen.\nF\u00fcr den Fall, dass der Newsletter oder andere digitale Inhalte (z.B. Leadmagnet) zu einem sp\u00e4teren Zeitpunkt geliefert werden sollen, wird der Anbieter dies in der Beschreibung der digitalen Inhalte auf der Website ausdr\u00fccklich angeben.   <\/li>\n \t<li>Digitale Inhalte (einschlie\u00dflich des Newsletters) gelten als geliefert, wenn sie dem Verbraucher in Form eines Links zum Herunterladen oder Lesen der digitalen Inhalte zur Verf\u00fcgung gestellt wurden.\nDigitale Inhalte gelten als geliefert, wenn der Verbraucher auf sie zugegriffen hat.   <\/li>\n<\/ol>\t\t\t\t\t\t\t\t<\/div>\n\t\t\t\t<\/div>\n\t\t\t\t<div class=\"elementor-element elementor-element-43f1ae0 elementor-widget elementor-widget-heading\" data-id=\"43f1ae0\" data-element_type=\"widget\" data-widget_type=\"heading.default\">\n\t\t\t\t<div class=\"elementor-widget-container\">\n\t\t\t\t\t<p class=\"elementor-heading-title elementor-size-default\">\u00a77.\nReklamation (Haftung f\u00fcr nicht vertragsgem\u00e4\u00dfe Leistung) <\/p>\t\t\t\t<\/div>\n\t\t\t\t<\/div>\n\t\t\t\t<div class=\"elementor-element elementor-element-24a1ecc elementor-widget elementor-widget-text-editor\" data-id=\"24a1ecc\" data-element_type=\"widget\" data-widget_type=\"text-editor.default\">\n\t\t\t\t<div class=\"elementor-widget-container\">\n\t\t\t\t\t\t\t\t\t<ol>\n \t<li>Der Anbieter ist verpflichtet, dem Verbraucher und Unternehmer den Newsletter-Service gem\u00e4\u00df dem Vertrag zur Verf\u00fcgung zu stellen (sog. Verbrauchergarantie).  <\/li>\n \t<li>Wenn der Verbraucher oder der Unternehmer, der die Rechte des Verbrauchers wahrnimmt, eine Nicht\u00fcbereinstimmung mit dem Vertrag feststellt, sollte er\/sie den Anbieter dar\u00fcber informieren und gleichzeitig seine\/ihre Forderung in Bezug auf die festgestellte Nicht\u00fcbereinstimmung angeben (eine Beschwerde einreichen).  <\/li>\n \t<li>Der Nutzer muss eine Beschwerde schriftlich oder per E-Mail an die in \u00a7 3 der Allgemeinen Gesch\u00e4ftsbedingungen genannte Adresse richten.  <\/li>\n \t<li>Die Frist f\u00fcr die Pr\u00fcfung einer Beschwerde durch den Anbieter betr\u00e4gt 14 Tage ab dem Datum der korrekt eingereichten Beschwerde.  <\/li>\n \t<li>Der Nutzer, der ein Verbraucher ist, hat die M\u00f6glichkeit, au\u00dfergerichtliche Beschwerde- und Rechtsbehelfsverfahren zu nutzen.\nUnter anderem hat er die M\u00f6glichkeit,:   <\/li>\n<ol type=\"a\">\n \t<li>ein st\u00e4ndiges Schiedsgericht zur Beilegung einer vertraglichen Streitigkeit anrufen,  <\/li>\n \t<li>sich an den regionalen Inspektor der Handelsinspektion wenden, um ein Vermittlungsverfahren zur g\u00fctlichen Beilegung des Streits einzuleiten,  <\/li>\n \t<li>sich an den Verbraucher-Ombudsmann des Bezirks (der Gemeinde) oder an eine soziale Organisation wenden, zu deren satzungsgem\u00e4\u00dfen Aufgaben der Verbraucherschutz geh\u00f6rt.  <\/li>\n<\/ol>\n \t<li>Der Verbraucher kann sich auch \u00fcber die Online-Plattform EU ODR beschweren, die Sie unter http:\/\/ec.europa.eu\/consumers\/odr\/.  <\/li>\n<li>Ausf\u00fchrlichere Informationen \u00fcber au\u00dfergerichtliche Beschwerde- und Rechtsbehelfsverfahren findet der Verbraucher unter http:\/\/www.uokik.gov.pl.  <\/li>\n<\/ol>\t\t\t\t\t\t\t\t<\/div>\n\t\t\t\t<\/div>\n\t\t\t\t<div class=\"elementor-element elementor-element-47ef052 elementor-widget elementor-widget-heading\" data-id=\"47ef052\" data-element_type=\"widget\" data-widget_type=\"heading.default\">\n\t\t\t\t<div class=\"elementor-widget-container\">\n\t\t\t\t\t<p class=\"elementor-heading-title elementor-size-default\">\u00a78.\nRecht auf Widerruf   <\/p>\t\t\t\t<\/div>\n\t\t\t\t<\/div>\n\t\t\t\t<div class=\"elementor-element elementor-element-c8e6659 elementor-widget elementor-widget-text-editor\" data-id=\"c8e6659\" data-element_type=\"widget\" data-widget_type=\"text-editor.default\">\n\t\t\t\t<div class=\"elementor-widget-container\">\n\t\t\t\t\t\t\t\t\t<ol>\n<li>Der Nutzer kann jederzeit von dem Newsletter-Liefervertrag zur\u00fccktreten.  <\/li>\n<li>Zu diesem Zweck informiert der Nutzer den Anbieter \u00fcber seine Absicht, vom Vertrag zur\u00fcckzutreten, indem er eine entsprechende Erkl\u00e4rung schriftlich oder per E-Mail an die in \u00a73 der Allgemeinen Gesch\u00e4ftsbedingungen angegebene Adresse sendet.  <\/li>\n<li>Verbraucher und Unternehmer mit Verbraucherrechten k\u00f6nnen zu diesem Zweck das Muster-Widerrufsformular verwenden.\nDies ist jedoch nicht zwingend erforderlich.\nMuster-Widerrufsformular: Adressat (Daten des Beg\u00fcnstigten): <br> Hiermit erkl\u00e4re ich meinen R\u00fccktritt vom Vertrag \u00fcber die Lieferung des Newsletters.<br> Datum des Vertragsabschlusses:<br> Name und E-Mail-Adresse des Verbrauchers oder Unternehmers mit Verbraucherrechten: <br> Datum:    <\/li>\n<li>Im Falle eines R\u00fccktritts vom Newsletter-Liefervertrag ist der Nutzer verpflichtet, die Nutzung des Newsletters und des Geschenks f\u00fcr das Abonnement einzustellen und sie Dritten zur Verf\u00fcgung zu stellen.  <\/li>\n<\/ol>\t\t\t\t\t\t\t\t<\/div>\n\t\t\t\t<\/div>\n\t\t\t\t<div class=\"elementor-element elementor-element-c7cc4a9 elementor-widget elementor-widget-heading\" data-id=\"c7cc4a9\" data-element_type=\"widget\" data-widget_type=\"heading.default\">\n\t\t\t\t<div class=\"elementor-widget-container\">\n\t\t\t\t\t<p class=\"elementor-heading-title elementor-size-default\">\u00a79.\nUrheberrecht   <\/p>\t\t\t\t<\/div>\n\t\t\t\t<\/div>\n\t\t\t\t<div class=\"elementor-element elementor-element-ad8d194 elementor-widget elementor-widget-text-editor\" data-id=\"ad8d194\" data-element_type=\"widget\" data-widget_type=\"text-editor.default\">\n\t\t\t\t<div class=\"elementor-widget-container\">\n\t\t\t\t\t\t\t\t\t<ol>\n<li>Die auf der Website verf\u00fcgbaren digitalen Inhalte, insbesondere die im Newsletter und im Geschenk zum Abonnement (z.B. E-Book) enthaltenen Materialien, sind Werke und urheberrechtlich gesch\u00fctzt, und diese Rechte liegen beim Anbieter oder seinen Mitarbeitern, die dem Beg\u00fcnstigten die entsprechenden Lizenzen erteilt haben.  <\/li>\n<li>Der Nutzer darf den Newsletter und andere auf der Website verf\u00fcgbare Inhalte auf der Grundlage der erlaubten privaten Nutzung verwenden.  <\/li>\n<li>Der Nutzer, der an einer weitergehenden Nutzung der oben genannten Inhalte interessiert ist\nDer Nutzer, der an einer weitergehenden Nutzung der oben genannten Inhalte interessiert ist, sollte sich mit dem Anbieter in Verbindung setzen und individuell verhandeln.   <\/li>\n<li>Unerlaubte Verbreitung der oben genannten\nDie unbefugte Verbreitung der oben genannten Inhalte kann zivil- und strafrechtliche Folgen haben.   <\/li>\n<\/ol>\t\t\t\t\t\t\t\t<\/div>\n\t\t\t\t<\/div>\n\t\t\t\t<div class=\"elementor-element elementor-element-991b10e elementor-widget elementor-widget-heading\" data-id=\"991b10e\" data-element_type=\"widget\" data-widget_type=\"heading.default\">\n\t\t\t\t<div class=\"elementor-widget-container\">\n\t\t\t\t\t<p class=\"elementor-heading-title elementor-size-default\">\u00a710.\nPersonenbezogene Daten und Cookies <\/p>\t\t\t\t<\/div>\n\t\t\t\t<\/div>\n\t\t\t\t<div class=\"elementor-element elementor-element-0f797eb elementor-widget elementor-widget-text-editor\" data-id=\"0f797eb\" data-element_type=\"widget\" data-widget_type=\"text-editor.default\">\n\t\t\t\t<div class=\"elementor-widget-container\">\n\t\t\t\t\t\t\t\t\tDie Regeln f\u00fcr die Verarbeitung personenbezogener Daten und die Verwendung von Cookies sind in der Datenschutz- und Cookie-Richtlinie beschrieben, die Sie unter folgender Adresse finden: <a href=\"https:\/\/biss.com.pl\/de\/datenschutzbestimmungen\/\">https:\/\/biss.com.pl\/de\/datenschutzbestimmungen\/<\/a>\t\t\t\t\t\t\t\t<\/div>\n\t\t\t\t<\/div>\n\t\t\t\t<div class=\"elementor-element elementor-element-d026b2e elementor-widget elementor-widget-heading\" data-id=\"d026b2e\" data-element_type=\"widget\" data-widget_type=\"heading.default\">\n\t\t\t\t<div class=\"elementor-widget-container\">\n\t\t\t\t\t<p class=\"elementor-heading-title elementor-size-default\">\u00a711 Schlussbestimmungen <\/p>\t\t\t\t<\/div>\n\t\t\t\t<\/div>\n\t\t\t\t<div class=\"elementor-element elementor-element-24497a1 elementor-widget elementor-widget-text-editor\" data-id=\"24497a1\" data-element_type=\"widget\" data-widget_type=\"text-editor.default\">\n\t\t\t\t<div class=\"elementor-widget-container\">\n\t\t\t\t\t\t\t\t\t<ol>\n<li>Die vom Anbieter abgeschlossenen Vertr\u00e4ge werden in polnischer Sprache abgeschlossen.  <\/li>\n<li>Der Anbieter beh\u00e4lt sich das Recht vor, die Allgemeinen Gesch\u00e4ftsbedingungen aus wichtigen Gr\u00fcnden zu \u00e4ndern, d.h.: \u00c4nderungen der Gesetzgebung, \u00c4nderungen des Umfangs der Dienstleistung oder der technischen Bedingungen ihrer Erbringung, soweit diese \u00c4nderungen die Umsetzung der Bestimmungen dieser Allgemeinen Gesch\u00e4ftsbedingungen betreffen. Die \u00c4nderungen gelten nicht f\u00fcr Vertr\u00e4ge, die vor der Einf\u00fchrung der \u00c4nderungen der Verordnungen abgeschlossen wurden.  <\/li>\n<li>F\u00fcr Angelegenheiten, die in diesen Allgemeinen Gesch\u00e4ftsbedingungen nicht geregelt sind, gelten die allgemein anwendbaren Bestimmungen des polnischen Rechts, insbesondere das Gesetz \u00fcber Verbraucherrechte.  <\/li>\n<li>Die Verordnungen gelten f\u00fcr Vertr\u00e4ge, die ab dem 1. Oktober 2024 abgeschlossen werden.  <\/li>\n<\/ol>\t\t\t\t\t\t\t\t<\/div>\n\t\t\t\t<\/div>\n\t\t\t\t<\/div>\n\t\t\t\t\t<\/div>\n\t\t\t\t<\/div>\n\t\t\t\t<\/div>\n\t\t","protected":false},"excerpt":{"rendered":"<p>Bedingungen und Konditionen des Newsletters \u00a71. Vorl\u00e4ufige Bestimmungen Die Bestimmungen regeln die Bedingungen f\u00fcr die Bereitstellung des Newsletters (in Form von digitalen Inhalten) per E-Mail durch den Anbieter. Jeder Nutzer und Verbraucher ist verpflichtet, die in den Allgemeinen Gesch\u00e4ftsbedingungen dargelegten Bedingungen zu lesen und zu akzeptieren, bevor er einen Vertrag mit einem Anbieter abschlie\u00dft. \u00a72. [&hellip;]<\/p>\n","protected":false},"author":5,"featured_media":0,"parent":0,"menu_order":0,"comment_status":"closed","ping_status":"closed","template":"","meta":{"_acf_changed":false,"footnotes":""},"class_list":["post-9500","page","type-page","status-publish","hentry"],"acf":[],"_links":{"self":[{"href":"https:\/\/biss.com.pl\/de\/wp-json\/wp\/v2\/pages\/9500","targetHints":{"allow":["GET"]}}],"collection":[{"href":"https:\/\/biss.com.pl\/de\/wp-json\/wp\/v2\/pages"}],"about":[{"href":"https:\/\/biss.com.pl\/de\/wp-json\/wp\/v2\/types\/page"}],"author":[{"embeddable":true,"href":"https:\/\/biss.com.pl\/de\/wp-json\/wp\/v2\/users\/5"}],"replies":[{"embeddable":true,"href":"https:\/\/biss.com.pl\/de\/wp-json\/wp\/v2\/comments?post=9500"}],"version-history":[{"count":6,"href":"https:\/\/biss.com.pl\/de\/wp-json\/wp\/v2\/pages\/9500\/revisions"}],"predecessor-version":[{"id":11145,"href":"https:\/\/biss.com.pl\/de\/wp-json\/wp\/v2\/pages\/9500\/revisions\/11145"}],"wp:attachment":[{"href":"https:\/\/biss.com.pl\/de\/wp-json\/wp\/v2\/media?parent=9500"}],"curies":[{"name":"wp","href":"https:\/\/api.w.org\/{rel}","templated":true}]}}