{"id":9504,"date":"2024-09-06T12:50:48","date_gmt":"2024-09-06T10:50:48","guid":{"rendered":"https:\/\/biss.com.pl\/datenschutzbestimmungen\/"},"modified":"2025-01-08T10:43:21","modified_gmt":"2025-01-08T09:43:21","slug":"datenschutzbestimmungen","status":"publish","type":"page","link":"https:\/\/biss.com.pl\/de\/datenschutzbestimmungen\/","title":{"rendered":"Datenschutzbestimmungen"},"content":{"rendered":"\t\t<div data-elementor-type=\"wp-page\" data-elementor-id=\"9504\" class=\"elementor elementor-9504 elementor-5327\" data-elementor-post-type=\"page\">\n\t\t\t\t<div class=\"elementor-element elementor-element-9ce6507 e-flex e-con-boxed e-con e-parent\" data-id=\"9ce6507\" data-element_type=\"container\" data-settings=\"{&quot;jet_parallax_layout_list&quot;:[]}\">\n\t\t\t\t\t<div class=\"e-con-inner\">\n\t\t\t\t<div class=\"elementor-element elementor-element-fd351c1 blue-gradient elementor-widget elementor-widget-heading\" data-id=\"fd351c1\" data-element_type=\"widget\" data-widget_type=\"heading.default\">\n\t\t\t\t<div class=\"elementor-widget-container\">\n\t\t\t\t\t<h1 class=\"elementor-heading-title elementor-size-default\">Datenschutz- und Cookie-Richtlinie von https:\/\/biss.com.pl\/  <\/h1>\t\t\t\t<\/div>\n\t\t\t\t<\/div>\n\t\t<div class=\"elementor-element elementor-element-cee286f e-con-full e-flex e-con e-child\" data-id=\"cee286f\" data-element_type=\"container\" data-settings=\"{&quot;jet_parallax_layout_list&quot;:[]}\">\n\t\t\t\t<div class=\"elementor-element elementor-element-1646a9e elementor-widget elementor-widget-heading\" data-id=\"1646a9e\" data-element_type=\"widget\" data-widget_type=\"heading.default\">\n\t\t\t\t<div class=\"elementor-widget-container\">\n\t\t\t\t\t<p class=\"elementor-heading-title elementor-size-default\">Allgemeine Informationen  <\/p>\t\t\t\t<\/div>\n\t\t\t\t<\/div>\n\t\t\t\t<div class=\"elementor-element elementor-element-0c9abf3 elementor-widget elementor-widget-text-editor\" data-id=\"0c9abf3\" data-element_type=\"widget\" data-widget_type=\"text-editor.default\">\n\t\t\t\t<div class=\"elementor-widget-container\">\n\t\t\t\t\t\t\t\t\t<p>Diese Datenschutz- und Cookie-Richtlinie legt die Regeln f\u00fcr die Verarbeitung und den Schutz personenbezogener Daten und die Verwendung von Cookies sowie anderer Technologien wie z.B.: Google Analytics, Facebook Pixel in Verbindung mit der Nutzung der Website und der vom Administrator betriebenen Social Media Profile durch die Nutzer.<\/p>\n\t\t\t\t\t\t\t\t<\/div>\n\t\t\t\t<\/div>\n\t\t\t\t<div class=\"elementor-element elementor-element-4a71723 elementor-widget elementor-widget-heading\" data-id=\"4a71723\" data-element_type=\"widget\" data-widget_type=\"heading.default\">\n\t\t\t\t<div class=\"elementor-widget-container\">\n\t\t\t\t\t<p class=\"elementor-heading-title elementor-size-default\">\u00a71.\nDefinitionen <\/p>\t\t\t\t<\/div>\n\t\t\t\t<\/div>\n\t\t\t\t<div class=\"elementor-element elementor-element-c1e7455 elementor-widget elementor-widget-text-editor\" data-id=\"c1e7455\" data-element_type=\"widget\" data-widget_type=\"text-editor.default\">\n\t\t\t\t<div class=\"elementor-widget-container\">\n\t\t\t\t\t\t\t\t\t<p>F\u00fcr die Zwecke dieser Datenschutzrichtlinie haben die folgenden Begriffe die folgende Bedeutung:<\/p>\n<ol>\n<li><strong>Administrator<\/strong> &#8211; BISS Drukarnia Opakowa\u0144 Skowro\u0144ska Sp\u00f3\u0142ka komandytowa, ul.<br \/>\nHandlowa 4, 36-100 Kolbuszowa Polen, NIP: 8141686328 <\/li>\n<li><strong>Website<\/strong> &#8211; der Service unter <a href=\"https:\/\/biss.com.pl\/de\/\">https:\/\/biss.com.pl\/<\/a><\/li>\n<li><strong>Benutzer<\/strong> &#8211; jede Person, die den Inhalt der Website durchsucht.<\/li>\n<li><strong>RODO<\/strong> &#8211; Verordnung (EU) 2016\/679 des Europ\u00e4ischen Parlaments und des Rates vom 27. April 2016.<br \/>\nzum Schutz nat\u00fcrlicher Personen bei der Verarbeitung personenbezogener Daten, zum freien Datenverkehr und zur Aufhebung der Richtlinie 95\/46\/EG <\/li>\n<\/ol>\n\t\t\t\t\t\t\t\t<\/div>\n\t\t\t\t<\/div>\n\t\t\t\t<div class=\"elementor-element elementor-element-0dde706 elementor-widget elementor-widget-heading\" data-id=\"0dde706\" data-element_type=\"widget\" data-widget_type=\"heading.default\">\n\t\t\t\t<div class=\"elementor-widget-container\">\n\t\t\t\t\t<p class=\"elementor-heading-title elementor-size-default\">\u00a72.\nPers\u00f6nliche Daten <\/p>\t\t\t\t<\/div>\n\t\t\t\t<\/div>\n\t\t\t\t<div class=\"elementor-element elementor-element-8db9542 elementor-widget elementor-widget-text-editor\" data-id=\"8db9542\" data-element_type=\"widget\" data-widget_type=\"text-editor.default\">\n\t\t\t\t<div class=\"elementor-widget-container\">\n\t\t\t\t\t\t\t\t\t<ol>\n<li>Der Administrator ist der Verantwortliche f\u00fcr die personenbezogenen Daten des Nutzers im Sinne der RODO.<\/li>\n<li>Der Administrator verarbeitet die Daten der Nutzer zu bestimmten Zwecken und auf einer Rechtsgrundlage, die in der freiwilligen, spezifischen, informierten und eindeutigen Zustimmung des Nutzers bestehen kann, die beispielsweise durch ein entsprechendes Formular auf der Website ausgedr\u00fcckt wird.<br \/>\nDie personenbezogenen Daten der Nutzer k\u00f6nnen auch in F\u00e4llen verarbeitet werden, in denen der Verwalter aufgrund gesetzlicher Bestimmungen oder zur Erf\u00fcllung eines zwischen den Parteien geschlossenen Vertrages zur Verarbeitung personenbezogener Daten verpflichtet ist, sowie auf der Grundlage eines vom Verwalter verfolgten berechtigten Interesses. <\/li>\n<li>Der Nutzer kann dem Verwalter seine personenbezogenen Daten unter anderem \u00fcber die auf der Website verf\u00fcgbaren Formulare sowie \u00fcber L\u00f6sungen wie Instant Messaging und insbesondere Social Media-Profile zur Verf\u00fcgung stellen:\n<ol type=\"a\">\n<li><strong>[FORMULARZ ZAPISU NA NEWSLETTER]<\/strong><br \/>Die personenbezogenen Daten, die der Nutzer dem Administrator im Rahmen des Anmeldeformulars f\u00fcr den Newsletter zur Verf\u00fcgung stellt, werden verarbeitet, um den Service des Versands eines Newsletters mit Informationen \u00fcber neue Blogbeitr\u00e4ge, Dienstleistungen, Nachrichten, E-Books und Webinare zu erbringen.<br \/>\nDie Angabe der personenbezogenen Daten durch den Nutzer ist freiwillig, aber notwendig, damit der Nutzer den Newsletter abonnieren und erhalten kann.<br \/>\nDie Verarbeitung der Daten erfolgt auf der Grundlage eines Vertrags (Rechtsgrundlage Art. 6(1)(b) RODO), der \u00fcber das Newsletter-Abonnementformular abgeschlossen wird.<br \/>\nDer Nutzer kann den Vertrag k\u00fcndigen, indem er sich gem\u00e4\u00df den in jedem Newsletter enthaltenen Anweisungen abmeldet oder eine entsprechende Erkl\u00e4rung an die E-Mail-Adresse des Administrators schickt.   <\/li>\n<li><strong>[FORMULARZ KONTAKTOWY]<\/strong><br \/>Die personenbezogenen Daten, die der Nutzer dem Verwalter \u00fcber das Kontaktformular oder in einer E-Mail an die auf der Website angegebene Adresse des Verwalters zur Verf\u00fcgung stellt, werden verarbeitet, um auf die gesendete Anfrage zu antworten.<br \/>\nDie Angabe der pers\u00f6nlichen Daten durch den Nutzer ist freiwillig, aber notwendig, damit der Nutzer eine Antwort erh\u00e4lt.<br \/>\nDie Verarbeitung der Daten zu diesem Zweck erfolgt auf der Grundlage des berechtigten Interesses, das der Verwalter verfolgt (Art. 6(1)(f) RODO).<br \/>\nDie Daten werden bis zum Abschluss der Korrespondenz und bis zur Verj\u00e4hrung m\u00f6glicher Anspr\u00fcche verarbeitet.   <\/li>\n<li><strong>[MEDIA SPO\u0141ECZNO\u015aCIOWE I KOMUNIKATORY INTERNETOWE]<\/strong><br \/>Die personenbezogenen Daten, die der Nutzer dem Administrator im Rahmen seiner Social-Media-Profile oder \u00fcber Instant Messaging gesendeten Nachrichten zur Verf\u00fcgung stellt, werden verarbeitet, um auf die gesendete Anfrage zu antworten.<br \/>\nDie Bereitstellung der personenbezogenen Daten durch den Nutzer ist freiwillig, aber notwendig, damit der Nutzer eine Antwort erhalten kann.<br \/>\nDie Verarbeitung der Daten zu diesem Zweck erfolgt auf der Grundlage eines berechtigten Interesses, das der f\u00fcr die Verarbeitung Verantwortliche verfolgt (Art. 6(1)(f) RODO).<br \/>\nDie Daten werden bis zum Abschluss der Korrespondenz und bis zur Verj\u00e4hrung m\u00f6glicher Anspr\u00fcche verarbeitet.   <\/li>\n<\/ol>\n<\/li>\n<li>Der f\u00fcr die Verarbeitung Verantwortliche kann personenbezogene Daten anderen Stellen anvertrauen, mit deren Hilfe er die in den vorstehenden Abs\u00e4tzen genannten Zwecke erf\u00fcllt (z. B. Unternehmen, die einen Hosting-Service anbieten, eine Buchhaltungsfirma, ein Unternehmen, das eine E-Mail-Anwendung bereitstellt).<\/li>\n<li>Ihre pers\u00f6nlichen Daten werden nicht an Empf\u00e4nger aus Drittl\u00e4ndern oder internationalen Organisationen \u00fcbermittelt, die kein angemessenes Schutzniveau bieten.<br \/>\nEin angemessenes Schutzniveau muss durch einen entsprechenden Beschluss der Europ\u00e4ischen Kommission oder ein anderes verbindliches Rechtsinstrument best\u00e4tigt werden. <\/li>\n<li>Der Administrator garantiert die Vertraulichkeit der ihm zur Verf\u00fcgung gestellten pers\u00f6nlichen Daten.<\/li>\n<li>Personenbezogene Daten sind mit der gebotenen Sorgfalt zu erheben und angemessen vor unbefugtem Zugriff zu sch\u00fctzen, und sie sind in \u00dcbereinstimmung mit und unter den Bedingungen zu verarbeiten, die im Einzelnen in:\n<ol type=\"a\">\n<li>Verordnung (EU) 2016\/679 des Europ\u00e4ischen Parlaments und des Rates vom 27. April 2016.<br \/>\nzum Schutz nat\u00fcrlicher Personen bei der Verarbeitung personenbezogener Daten und zum freien Datenverkehr und zur Aufhebung der Richtlinie 95\/46\/EG, <\/li>\n<li>Gesetz vom 18. Juli 2002 \u00fcber die Erbringung von Dienstleistungen auf elektronischem Wege,<\/li>\n<li>Gesetz vom 10. Mai 2018 \u00fcber den Schutz personenbezogener Daten.<\/li>\n<\/ol>\n<\/li>\n<\/ol>\n\t\t\t\t\t\t\t\t<\/div>\n\t\t\t\t<\/div>\n\t\t\t\t<div class=\"elementor-element elementor-element-5c5d049 elementor-widget elementor-widget-heading\" data-id=\"5c5d049\" data-element_type=\"widget\" data-widget_type=\"heading.default\">\n\t\t\t\t<div class=\"elementor-widget-container\">\n\t\t\t\t\t<p class=\"elementor-heading-title elementor-size-default\">\u00a73.\nBenutzerrechte <\/p>\t\t\t\t<\/div>\n\t\t\t\t<\/div>\n\t\t\t\t<div class=\"elementor-element elementor-element-3ce1cd3 elementor-widget elementor-widget-text-editor\" data-id=\"3ce1cd3\" data-element_type=\"widget\" data-widget_type=\"text-editor.default\">\n\t\t\t\t<div class=\"elementor-widget-container\">\n\t\t\t\t\t\t\t\t\t<ol>\n    <li>Sie haben Rechte in Bezug auf die Verarbeitung Ihrer pers\u00f6nlichen Daten, darunter:  <ol type=\"a\">\n            <li>Recht auf Zugang zu den Daten<\/li>\n            <li>Recht auf Berichtigung<\/li>\n            <li>das Recht auf Einschr\u00e4nkung der Datenverarbeitung<\/li>\n            <li>das Recht auf Widerspruch gegen die Verarbeitung<\/li>\n            <li>das Recht auf L\u00f6schung von Daten (das sogenannte Recht auf Vergessenwerden)<\/li>\n<li>Recht auf Daten\u00fcbertragbarkeit<\/li>\n<li>das Recht, bei einer Aufsichtsbeh\u00f6rde eine Beschwerde in Bezug auf die Verarbeitung personenbezogener Daten durch den f\u00fcr die Verarbeitung Verantwortlichen einzureichen<\/li>\n        <\/ol>\n    <\/li>\n    <li>Sie haben das Recht, Ihre Zustimmung jederzeit zu widerrufen, wenn Sie sie zuvor erteilt haben.  <\/li>\n    <li>Um seine Rechte auszu\u00fcben, sollte der Nutzer die entsprechende Anfrage an <a href=\"mailto:biuro@biss.com.pl\">biuro@biss.com.pl<\/a> richten <a href=\"mailto:biuro@biss.com.pl\">.<\/a>\n    <\/li>\n<\/ol>\t\t\t\t\t\t\t\t<\/div>\n\t\t\t\t<\/div>\n\t\t\t\t<div class=\"elementor-element elementor-element-3628a0d elementor-widget elementor-widget-heading\" data-id=\"3628a0d\" data-element_type=\"widget\" data-widget_type=\"heading.default\">\n\t\t\t\t<div class=\"elementor-widget-container\">\n\t\t\t\t\t<p class=\"elementor-heading-title elementor-size-default\">\u00a74.\nCookies und andere Informationen <\/p>\t\t\t\t<\/div>\n\t\t\t\t<\/div>\n\t\t\t\t<div class=\"elementor-element elementor-element-2130b68 elementor-widget elementor-widget-text-editor\" data-id=\"2130b68\" data-element_type=\"widget\" data-widget_type=\"text-editor.default\">\n\t\t\t\t<div class=\"elementor-widget-container\">\n\t\t\t\t\t\t\t\t\t<ol>\n    <li>Wenn der Benutzer die Website nutzt, werden automatisch Daten \u00fcber den Benutzer gesammelt. Zu diesen Daten geh\u00f6ren unter anderem: IP-Adresse, Domain-Name, Browser-Typ, Betriebssystem-Typ. Diese Daten k\u00f6nnen durch Cookies erfasst und auch in Serverprotokollen aufgezeichnet werden.  <\/li>\n    <li>Cookies sind Dateien, die an den Computer oder ein anderes Ger\u00e4t des Nutzers (z.B. Laptop, Smartphone, Tablet) gesendet und dort gespeichert werden, w\u00e4hrend er auf der Website surft.\nCookies merken sich die Pr\u00e4ferenzen und das Verhalten des Nutzers, was es erm\u00f6glicht, die Qualit\u00e4t der angebotenen Dienste zu verbessern, die Suchergebnisse und die Relevanz der angezeigten Informationen, einschlie\u00dflich der Werbung, zu verbessern und die Pr\u00e4ferenzen des Nutzers anonym zu verfolgen. <\/li>\n    <li>Eine aktuelle Liste der auf der Website verwendeten Cookies ist \u00fcber das Dialogfeld verf\u00fcgbar, das Teil der auf der Website implementierten Technologie des Zustimmungsmodus ist.\nDas Dialogfeld wird automatisch aktiviert, wenn Sie zum ersten Mal auf die Website zugreifen oder wenn Sie auf die Schaltfl\u00e4che &#8222;Cookie-Einstellungen&#8220; in der Fu\u00dfzeile der Website klicken.   <\/li>\n    <li>Der Nutzer kann der Verwendung von Cookies auf seinem Endger\u00e4t zustimmen, indem er das auf der Website bereitgestellte Dialogfeld f\u00fcr Cookie-Informationen verwendet.\nEr kann dies auch \u00fcber die Einstellungen des auf dem Ger\u00e4t des Nutzers installierten Browsers tun.\nAuf die gleiche Weise kann der Nutzer seine Zustimmung jederzeit widerrufen oder deren Umfang \u00e4ndern.    <\/li>\n    <li>Der Nutzer kann auch bestehende Cookies von seinem Ger\u00e4t l\u00f6schen, indem er die entsprechenden Funktionen des Internetbrowsers, Programme f\u00fcr diesen Zweck oder Tools, die im Betriebssystem des Nutzers verf\u00fcgbar sind, verwendet.<\/li>\n    <li>Die in den Serverprotokollen oder mit Hilfe von Cookies aufgezeichneten Daten werden vom Administrator in keiner Weise mit bestimmten Benutzern der Website in Verbindung gebracht und werden vom Administrator nicht zur Identifizierung eines Benutzers verwendet.\nDie Serverprotokolle werden f\u00fcr die Verwaltung der Website verwendet, und ihr Inhalt wird nur an die zur Verwaltung des Servers befugten Personen weitergegeben.   <\/li>\n    <li>Die Website verwendet Technologien, die die Aktionen des Benutzers bei der Nutzung der Website anonym aufzeichnen. Dazu geh\u00f6ren:  <ol type=\"a\">\n            <li>Google Analytics &#8211; wird verwendet, um die Statistiken der Website zu analysieren<\/li>\n            <li>Google Tag Manager &#8211; wird verwendet, um die Wirksamkeit der Werbung auf der Website zu \u00fcberpr\u00fcfen<\/li>\n            <li>Hotjar &#8211; wird verwendet, um das Nutzerverhalten auf der Website zu analysieren<\/li>\n            <li>Facebook Pixel &#8211; wird zur Verwaltung und Optimierung von Facebook-Werbung verwendet  <\/li>\n            <li>YouTube &#8211; wird verwendet, um die Aufrufe von auf der Website eingebetteten Videos zu verfolgen<\/li>\n            <li>Mailer Lite &#8211; wird verwendet, um Besuche von Klicks auf Links im Newsletter zu verfolgen<\/li>\n        <\/ol>\n    <\/li><li>Die von diesen Tools erhaltenen Daten sind in keiner Weise mit bestimmten Benutzern der Website verbunden und werden vom Administrator nicht zur Identifizierung des Benutzers verwendet.<\/li>\n    <li>Die Verwendung der in \u00a7 3 Abs. 7 aufgef\u00fchrten Technologien hat zur Folge, dass die Website, ihr Inhalt und ihr Angebot f\u00fcr die Bed\u00fcrfnisse des Nutzers optimiert werden.\n7 aufgef\u00fchrten Technologien hat die Optimierung der Website, ihres Inhalts und ihres Angebots auf die Bed\u00fcrfnisse des Nutzers zur Folge. <\/li>\n    \n<\/ol>\t\t\t\t\t\t\t\t<\/div>\n\t\t\t\t<\/div>\n\t\t\t\t<div class=\"elementor-element elementor-element-53a8a9a elementor-widget elementor-widget-heading\" data-id=\"53a8a9a\" data-element_type=\"widget\" data-widget_type=\"heading.default\">\n\t\t\t\t<div class=\"elementor-widget-container\">\n\t\t\t\t\t<p class=\"elementor-heading-title elementor-size-default\">\u00a75.\nZweck der Datennutzung <\/p>\t\t\t\t<\/div>\n\t\t\t\t<\/div>\n\t\t\t\t<div class=\"elementor-element elementor-element-81d07a0 elementor-widget elementor-widget-text-editor\" data-id=\"81d07a0\" data-element_type=\"widget\" data-widget_type=\"text-editor.default\">\n\t\t\t\t<div class=\"elementor-widget-container\">\n\t\t\t\t\t\t\t\t\tDie vom Nutzer bereitgestellten oder automatisch erfassten Daten werden vom Administrator f\u00fcr folgende Zwecke verwendet:  <ol type=\"a\">\n            <li>die korrekte Funktion, Konfiguration und Sicherheit der Website,<\/li>\n            <li>\u00dcberwachung des Sitzungsstatus,<\/li>\n            <li>Analyse, Recherche und Audit von Website-Eindr\u00fccken,  <\/li>\n<li>sowie f\u00fcr statistische und Marketingzwecke.<\/li>\n<\/ol>\n\t\t\t\t\t\t\t\t<\/div>\n\t\t\t\t<\/div>\n\t\t\t\t<div class=\"elementor-element elementor-element-9d58b5b elementor-widget elementor-widget-heading\" data-id=\"9d58b5b\" data-element_type=\"widget\" data-widget_type=\"heading.default\">\n\t\t\t\t<div class=\"elementor-widget-container\">\n\t\t\t\t\t<p class=\"elementor-heading-title elementor-size-default\">\u00a76.\nSchlussbestimmungen <\/p>\t\t\t\t<\/div>\n\t\t\t\t<\/div>\n\t\t\t\t<div class=\"elementor-element elementor-element-f6c868e elementor-widget elementor-widget-text-editor\" data-id=\"f6c868e\" data-element_type=\"widget\" data-widget_type=\"text-editor.default\">\n\t\t\t\t<div class=\"elementor-widget-container\">\n\t\t\t\t\t\t\t\t\t<ol>\n<li>Dieses Dokument kann aufgrund von Entwicklungen in der Internettechnologie, \u00c4nderungen im Datenschutzrecht und der Entwicklung unserer Website \u00c4nderungen unterliegen. Alle \u00c4nderungen werden den Nutzern unverz\u00fcglich in sichtbarer und verst\u00e4ndlicher Form mitgeteilt. <\/li>\n<li>Wenn Sie Fragen oder Anmerkungen zu dieser Datenschutz- und Cookie-Richtlinie haben, wenden Sie sich bitte an: <a href=\"mailto:biuro@biss.com.pl\">biuro@biss.com.pl.<\/a><\/li>\n<\/ol>\n\t\t\t\t\t\t\t\t<\/div>\n\t\t\t\t<\/div>\n\t\t\t\t<\/div>\n\t\t\t\t\t<\/div>\n\t\t\t\t<\/div>\n\t\t\t\t<\/div>\n\t\t","protected":false},"excerpt":{"rendered":"<p>Datenschutz- und Cookie-Richtlinie von https:\/\/biss.com.pl\/ Allgemeine Informationen Diese Datenschutz- und Cookie-Richtlinie legt die Regeln f\u00fcr die Verarbeitung und den Schutz personenbezogener Daten und die Verwendung von Cookies sowie anderer Technologien wie z.B.: Google Analytics, Facebook Pixel in Verbindung mit der Nutzung der Website und der vom Administrator betriebenen Social Media Profile durch die Nutzer. \u00a71. [&hellip;]<\/p>\n","protected":false},"author":5,"featured_media":0,"parent":0,"menu_order":0,"comment_status":"closed","ping_status":"closed","template":"","meta":{"_acf_changed":false,"footnotes":""},"class_list":["post-9504","page","type-page","status-publish","hentry"],"acf":[],"_links":{"self":[{"href":"https:\/\/biss.com.pl\/de\/wp-json\/wp\/v2\/pages\/9504","targetHints":{"allow":["GET"]}}],"collection":[{"href":"https:\/\/biss.com.pl\/de\/wp-json\/wp\/v2\/pages"}],"about":[{"href":"https:\/\/biss.com.pl\/de\/wp-json\/wp\/v2\/types\/page"}],"author":[{"embeddable":true,"href":"https:\/\/biss.com.pl\/de\/wp-json\/wp\/v2\/users\/5"}],"replies":[{"embeddable":true,"href":"https:\/\/biss.com.pl\/de\/wp-json\/wp\/v2\/comments?post=9504"}],"version-history":[{"count":7,"href":"https:\/\/biss.com.pl\/de\/wp-json\/wp\/v2\/pages\/9504\/revisions"}],"predecessor-version":[{"id":9511,"href":"https:\/\/biss.com.pl\/de\/wp-json\/wp\/v2\/pages\/9504\/revisions\/9511"}],"wp:attachment":[{"href":"https:\/\/biss.com.pl\/de\/wp-json\/wp\/v2\/media?parent=9504"}],"curies":[{"name":"wp","href":"https:\/\/api.w.org\/{rel}","templated":true}]}}