{"id":10004,"date":"2018-01-02T15:31:42","date_gmt":"2018-01-02T14:31:42","guid":{"rendered":"https:\/\/biss.com.pl\/produkt\/kunststoffverpackungen-fuer-blumen\/"},"modified":"2025-02-09T17:13:46","modified_gmt":"2025-02-09T16:13:46","slug":"kunststoffverpackungen-fuer-blumen","status":"publish","type":"product","link":"https:\/\/biss.com.pl\/de\/produkt\/kunststoffverpackungen-fur-blumen\/","title":{"rendered":"Kunststoffverpackungen f\u00fcr Blumen"},"content":{"rendered":"","protected":false},"excerpt":{"rendered":"<p><strong>Kunststoffverpackungen f\u00fcr Blumen<\/strong> sind eine beliebte Wahl f\u00fcr Floristen und Menschen, die ihren Blumenstr\u00e4u\u00dfen ein elegantes Aussehen verleihen und sie angemessen sch\u00fctzen m\u00f6chten.<\/p>\n<p><strong>Verpackte Waren:<\/strong><\/p>\n<ul>\n<li>Blumenstrau\u00df: Die Folienverpackung ist ideal f\u00fcr Blumenstr\u00e4u\u00dfe aller Art, von klein bis gro\u00df, von einfach bis aufw\u00e4ndig.<\/li>\n<li>Setzlinge : Die Folie sch\u00fctzt die empfindlichen Setzlinge w\u00e4hrend des Transports und der Lagerung.<\/li>\n<li>Blumen in T\u00f6pfen : Plastikverpackungen k\u00f6nnen f\u00fcr Topfblumen verwendet werden, insbesondere f\u00fcr kleinere Gr\u00f6\u00dfen.<\/li>\n<\/ul>\n<p><strong>Vorteile der Verpackung:<\/strong><\/p>\n<ul>\n<li>Schutz vor Feuchtigkeit: Die Folie sch\u00fctzt die Blumen vor Feuchtigkeit und h\u00e4lt sie so l\u00e4nger frisch und sch\u00f6n.<\/li>\n<li>\u00c4sthetik: Folienverpackungen sind in einer Vielzahl von Farben und Designs erh\u00e4ltlich, die dem Anlass und dem Geschmack des Kunden entsprechen.<\/li>\n<li>Einfacher Transport: Die Folie ist leicht und flexibel, so dass Sie die Blumen einfach transportieren k\u00f6nnen.<\/li>\n<li>Schutz vor Besch\u00e4digung: Die Folie sch\u00fctzt die Blumen vor Besch\u00e4digungen w\u00e4hrend des Transports und der Lagerung<\/li>\n<li>Flexo HD-Druck in bis zu 8 Farben: So k\u00f6nnen Sie Verpackungen erstellen, die perfekt auf Ihre Marke und Ihr Produkt zugeschnitten sind.<\/li>\n<\/ul>\n<div id=\"gtx-trans\" style=\"position: absolute; left: -43px; top: 36.9896px;\">\n<div class=\"gtx-trans-icon\"><\/div>\n<\/div>\n","protected":false},"featured_media":10005,"comment_status":"closed","ping_status":"closed","template":"","meta":{"_acf_changed":false},"rodzaj-opakowania":[601],"rodzaj-pakowanego-produktu":[530],"segment-rynku":[545],"product_brand":[],"product_cat":[558],"product_tag":[],"class_list":{"0":"post-10004","1":"product","2":"type-product","3":"status-publish","4":"has-post-thumbnail","6":"rodzaj-opakowania-blumentaschen","7":"rodzaj-pakowanego-produktu-blumen-und-krauter","8":"segment-rynku-gartenarbeit","9":"product_cat-verpackungen-fur-blumen-und-krauter","11":"first","12":"instock","13":"shipping-taxable","14":"product-type-simple"},"acf":[],"_links":{"self":[{"href":"https:\/\/biss.com.pl\/de\/wp-json\/wp\/v2\/product\/10004","targetHints":{"allow":["GET"]}}],"collection":[{"href":"https:\/\/biss.com.pl\/de\/wp-json\/wp\/v2\/product"}],"about":[{"href":"https:\/\/biss.com.pl\/de\/wp-json\/wp\/v2\/types\/product"}],"replies":[{"embeddable":true,"href":"https:\/\/biss.com.pl\/de\/wp-json\/wp\/v2\/comments?post=10004"}],"wp:featuredmedia":[{"embeddable":true,"href":"https:\/\/biss.com.pl\/de\/wp-json\/wp\/v2\/media\/10005"}],"wp:attachment":[{"href":"https:\/\/biss.com.pl\/de\/wp-json\/wp\/v2\/media?parent=10004"}],"wp:term":[{"taxonomy":"rodzaj-opakowania","embeddable":true,"href":"https:\/\/biss.com.pl\/de\/wp-json\/wp\/v2\/rodzaj-opakowania?post=10004"},{"taxonomy":"rodzaj-pakowanego-produktu","embeddable":true,"href":"https:\/\/biss.com.pl\/de\/wp-json\/wp\/v2\/rodzaj-pakowanego-produktu?post=10004"},{"taxonomy":"segment-rynku","embeddable":true,"href":"https:\/\/biss.com.pl\/de\/wp-json\/wp\/v2\/segment-rynku?post=10004"},{"taxonomy":"product_brand","embeddable":true,"href":"https:\/\/biss.com.pl\/de\/wp-json\/wp\/v2\/product_brand?post=10004"},{"taxonomy":"product_cat","embeddable":true,"href":"https:\/\/biss.com.pl\/de\/wp-json\/wp\/v2\/product_cat?post=10004"},{"taxonomy":"product_tag","embeddable":true,"href":"https:\/\/biss.com.pl\/de\/wp-json\/wp\/v2\/product_tag?post=10004"}],"curies":[{"name":"wp","href":"https:\/\/api.w.org\/{rel}","templated":true}]}}