{"id":10030,"date":"2018-01-02T15:29:00","date_gmt":"2018-01-02T14:29:00","guid":{"rendered":"https:\/\/biss.com.pl\/produkt\/kaffee-verpackung\/"},"modified":"2025-02-09T17:26:26","modified_gmt":"2025-02-09T16:26:26","slug":"kaffee-verpackung","status":"publish","type":"product","link":"https:\/\/biss.com.pl\/de\/produkt\/kaffee-verpackung\/","title":{"rendered":"Kaffee Verpackung"},"content":{"rendered":"","protected":false},"excerpt":{"rendered":"<p><strong>Die<\/strong> <strong>Kaffee verpackung<\/strong> ist ein Schl\u00fcsselelement f\u00fcr jeden Kaffeeproduzenten und -h\u00e4ndler. Die richtige Verpackung sch\u00fctzt den Kaffee vor \u00e4u\u00dferen Einfl\u00fcssen und bewahrt seine Frische, sein Aroma und seinen Geschmack.<\/p>\n<p><strong>Verpackte Produkte:<\/strong><\/p>\n<ul>\n<li>Kaffeebohnen: Die Verpackung von Kaffeebohnen besteht in der Regel aus feuchtigkeits- und lichtbest\u00e4ndigen Materialien, um die Bohnen vor Aroma- und Feuchtigkeitsverlust zu sch\u00fctzen.<\/li>\n<li>Gemahlener Kaffee : Verpackungen f\u00fcr gemahlenen Kaffee gibt es in einer Vielzahl von Gr\u00f6\u00dfen und Varianten, um den Bed\u00fcrfnissen der Verbraucher gerecht zu werden.<\/li>\n<li>Instantkaffee : Verpackungen f\u00fcr Instantkaffee sind in der Regel aus feuchtigkeitsbest\u00e4ndigem und leicht zu \u00f6ffnendem Material hergestellt.<\/li>\n<\/ul>\n<p><strong>Verpackungsvorteile :<\/strong><\/p>\n<ul>\n<li>Bewahrung der Frische: Die Kaffeepackungen sind aus Materialien hergestellt, die den Kaffee vor Oxidation und Aromaverlust sch\u00fctzen.<\/li>\n<li>Luftdichte Versiegelung: Die Packungen sind luftdicht versiegelt, damit keine Feuchtigkeit und Ger\u00fcche ins Innere gelangen.<\/li>\n<li>Praktische \u00d6ffnung: Die Packungen lassen sich leicht \u00f6ffnen und schlie\u00dfen, so dass Sie bequem an den Kaffee kommen.<\/li>\n<li>\u00c4sthetik: Die Verpackungen sind in einer Vielzahl von Designs und Farben erh\u00e4ltlich, die den individuellen Vorlieben entsprechen.<\/li>\n<li>Flexo HD-Druck in bis zu 8 Farben: So k\u00f6nnen Sie Verpackungen erstellen, die perfekt auf Ihre Marke und Ihr Produkt zugeschnitten sind.<\/li>\n<\/ul>\n<div class=\"form_embed_shortcode_display \">\n<div class=\"shortcode \"><\/div>\n<\/div>\n<div id=\"gtx-trans\" style=\"position: absolute; left: 176px; top: 94.2222px;\">\n<div class=\"gtx-trans-icon\"><\/div>\n<\/div>\n","protected":false},"featured_media":10031,"comment_status":"closed","ping_status":"closed","template":"","meta":{"_acf_changed":false},"rodzaj-opakowania":[517,521,519],"rodzaj-pakowanego-produktu":[529],"segment-rynku":[550],"product_brand":[],"product_cat":[557],"product_tag":[],"class_list":{"0":"post-10030","1":"product","2":"type-product","3":"status-publish","4":"has-post-thumbnail","6":"rodzaj-opakowania-doypackungen","7":"rodzaj-opakowania-seitenfaltenverpackung","8":"rodzaj-opakowania-stabilo-verpackung","9":"rodzaj-pakowanego-produktu-kaffee-tee","10":"segment-rynku-lose","11":"product_cat-verpackungen-fur-kaffee-und-tee","13":"first","14":"instock","15":"shipping-taxable","16":"product-type-simple"},"acf":[],"_links":{"self":[{"href":"https:\/\/biss.com.pl\/de\/wp-json\/wp\/v2\/product\/10030","targetHints":{"allow":["GET"]}}],"collection":[{"href":"https:\/\/biss.com.pl\/de\/wp-json\/wp\/v2\/product"}],"about":[{"href":"https:\/\/biss.com.pl\/de\/wp-json\/wp\/v2\/types\/product"}],"replies":[{"embeddable":true,"href":"https:\/\/biss.com.pl\/de\/wp-json\/wp\/v2\/comments?post=10030"}],"wp:featuredmedia":[{"embeddable":true,"href":"https:\/\/biss.com.pl\/de\/wp-json\/wp\/v2\/media\/10031"}],"wp:attachment":[{"href":"https:\/\/biss.com.pl\/de\/wp-json\/wp\/v2\/media?parent=10030"}],"wp:term":[{"taxonomy":"rodzaj-opakowania","embeddable":true,"href":"https:\/\/biss.com.pl\/de\/wp-json\/wp\/v2\/rodzaj-opakowania?post=10030"},{"taxonomy":"rodzaj-pakowanego-produktu","embeddable":true,"href":"https:\/\/biss.com.pl\/de\/wp-json\/wp\/v2\/rodzaj-pakowanego-produktu?post=10030"},{"taxonomy":"segment-rynku","embeddable":true,"href":"https:\/\/biss.com.pl\/de\/wp-json\/wp\/v2\/segment-rynku?post=10030"},{"taxonomy":"product_brand","embeddable":true,"href":"https:\/\/biss.com.pl\/de\/wp-json\/wp\/v2\/product_brand?post=10030"},{"taxonomy":"product_cat","embeddable":true,"href":"https:\/\/biss.com.pl\/de\/wp-json\/wp\/v2\/product_cat?post=10030"},{"taxonomy":"product_tag","embeddable":true,"href":"https:\/\/biss.com.pl\/de\/wp-json\/wp\/v2\/product_tag?post=10030"}],"curies":[{"name":"wp","href":"https:\/\/api.w.org\/{rel}","templated":true}]}}