{"id":9953,"date":"2018-01-03T11:33:05","date_gmt":"2018-01-03T10:33:05","guid":{"rendered":"https:\/\/biss.com.pl\/produkt\/verpackung-stabilo\/"},"modified":"2025-02-08T12:54:44","modified_gmt":"2025-02-08T11:54:44","slug":"verpackung-stabilo","status":"publish","type":"product","link":"https:\/\/biss.com.pl\/de\/produkt\/verpackung-stabilo\/","title":{"rendered":"Verpackung stabilo"},"content":{"rendered":"","protected":false},"excerpt":{"rendered":"<p><strong>Stabilo-Verpackung<\/strong>\u00a0sind eine beliebte Wahl f\u00fcr viele Hersteller, die Wert auf Funktionalit\u00e4t, \u00c4sthetik und Haltbarkeit legen. Sie sind ideal f\u00fcr die Verpackung aller Arten von Produkten, von Lebensmitteln bis hin zu Industrieprodukten.<\/p>\n<p><strong>Verpackte Produkte:<\/strong><\/p>\n<p>Stabilo-Verpackungen werden zum Verpacken einer Vielzahl von Produkten verwendet, darunter:<br \/>\nLebensmittel: Stabilo-Verpackungen sind ideal f\u00fcr die Verpackung von gefrorenem Obst und Gem\u00fcse, losen Produkten wie Kaffee, Tee, Zucker sowie Gew\u00fcrzen und Kr\u00e4utern. Industrieg\u00fcter: Stabilo-Verpackungen werden auch f\u00fcr die Verpackung von Schrauben, Muttern, N\u00e4geln, Werkzeugen, Baumaterialien und anderen Produkten verwendet.<\/p>\n<p><strong>Verpackungsvorteile :<\/strong><\/p>\n<ul>\n<li>Stabilit\u00e4t: Stabilo-Verpackungen sind sehr stabil und eignen sich daher ideal f\u00fcr die Verpackung von Produkten mit unterschiedlichen Gewichten und Formen.<\/li>\n<li>\u00c4sthetik: Stabilo Verpackungen sind in einer Vielzahl von Farben und Designs erh\u00e4ltlich, die zum Markenimage passen.<\/li>\n<li>Funktionalit\u00e4t: Die Stabilo-Packungen lassen sich leicht \u00f6ffnen und schlie\u00dfen und erm\u00f6glichen so einen einfachen Zugriff auf das Produkt.<\/li>\n<li>Langlebigkeit: Stabilo Rucks\u00e4cke werden aus hochwertigen Materialien hergestellt, um Langlebigkeit und Widerstandsf\u00e4higkeit gegen Sch\u00e4den zu gew\u00e4hrleisten.<\/li>\n<li>Flexo HD-Druck in bis zu 8 Farben: So k\u00f6nnen Sie Verpackungen erstellen, die perfekt auf Ihre Marke und Ihr Produkt zugeschnitten sind.<\/li>\n<\/ul>\n<p>&nbsp;<\/p>\n<p>Haben Sie weitere Fragen? F\u00fcllen Sie das Kontaktformular auf unserer Website aus und wir werden Ihnen eine Antwort geben<\/p>\n","protected":false},"featured_media":9954,"comment_status":"closed","ping_status":"closed","template":"","meta":{"_acf_changed":false},"rodzaj-opakowania":[519],"rodzaj-pakowanego-produktu":[529],"segment-rynku":[550],"product_brand":[],"product_cat":[557],"product_tag":[],"class_list":{"0":"post-9953","1":"product","2":"type-product","3":"status-publish","4":"has-post-thumbnail","6":"rodzaj-opakowania-stabilo-verpackung","7":"rodzaj-pakowanego-produktu-kaffee-tee","8":"segment-rynku-lose","9":"product_cat-verpackungen-fur-kaffee-und-tee","11":"first","12":"instock","13":"shipping-taxable","14":"product-type-simple"},"acf":[],"_links":{"self":[{"href":"https:\/\/biss.com.pl\/de\/wp-json\/wp\/v2\/product\/9953","targetHints":{"allow":["GET"]}}],"collection":[{"href":"https:\/\/biss.com.pl\/de\/wp-json\/wp\/v2\/product"}],"about":[{"href":"https:\/\/biss.com.pl\/de\/wp-json\/wp\/v2\/types\/product"}],"replies":[{"embeddable":true,"href":"https:\/\/biss.com.pl\/de\/wp-json\/wp\/v2\/comments?post=9953"}],"wp:featuredmedia":[{"embeddable":true,"href":"https:\/\/biss.com.pl\/de\/wp-json\/wp\/v2\/media\/9954"}],"wp:attachment":[{"href":"https:\/\/biss.com.pl\/de\/wp-json\/wp\/v2\/media?parent=9953"}],"wp:term":[{"taxonomy":"rodzaj-opakowania","embeddable":true,"href":"https:\/\/biss.com.pl\/de\/wp-json\/wp\/v2\/rodzaj-opakowania?post=9953"},{"taxonomy":"rodzaj-pakowanego-produktu","embeddable":true,"href":"https:\/\/biss.com.pl\/de\/wp-json\/wp\/v2\/rodzaj-pakowanego-produktu?post=9953"},{"taxonomy":"segment-rynku","embeddable":true,"href":"https:\/\/biss.com.pl\/de\/wp-json\/wp\/v2\/segment-rynku?post=9953"},{"taxonomy":"product_brand","embeddable":true,"href":"https:\/\/biss.com.pl\/de\/wp-json\/wp\/v2\/product_brand?post=9953"},{"taxonomy":"product_cat","embeddable":true,"href":"https:\/\/biss.com.pl\/de\/wp-json\/wp\/v2\/product_cat?post=9953"},{"taxonomy":"product_tag","embeddable":true,"href":"https:\/\/biss.com.pl\/de\/wp-json\/wp\/v2\/product_tag?post=9953"}],"curies":[{"name":"wp","href":"https:\/\/api.w.org\/{rel}","templated":true}]}}