{"id":8196,"date":"2024-09-06T12:50:48","date_gmt":"2024-09-06T10:50:48","guid":{"rendered":"http:\/\/biss2.studionext.pl\/privacy-policy\/"},"modified":"2024-09-27T16:02:06","modified_gmt":"2024-09-27T14:02:06","slug":"privacy-policy","status":"publish","type":"page","link":"https:\/\/biss.com.pl\/en\/privacy-policy\/","title":{"rendered":"Privacy Policy"},"content":{"rendered":"\t\t<div data-elementor-type=\"wp-page\" data-elementor-id=\"8196\" class=\"elementor elementor-8196 elementor-5327\" data-elementor-post-type=\"page\">\n\t\t\t\t<div class=\"elementor-element elementor-element-9ce6507 e-flex e-con-boxed e-con e-parent\" data-id=\"9ce6507\" data-element_type=\"container\" data-settings=\"{&quot;jet_parallax_layout_list&quot;:[]}\">\n\t\t\t\t\t<div class=\"e-con-inner\">\n\t\t\t\t<div class=\"elementor-element elementor-element-fd351c1 blue-gradient elementor-widget elementor-widget-heading\" data-id=\"fd351c1\" data-element_type=\"widget\" data-widget_type=\"heading.default\">\n\t\t\t\t<div class=\"elementor-widget-container\">\n\t\t\t\t\t<h1 class=\"elementor-heading-title elementor-size-default\">Privacy and cookies policy of https:\/\/biss.com.pl\/  <\/h1>\t\t\t\t<\/div>\n\t\t\t\t<\/div>\n\t\t<div class=\"elementor-element elementor-element-cee286f e-con-full e-flex e-con e-child\" data-id=\"cee286f\" data-element_type=\"container\" data-settings=\"{&quot;jet_parallax_layout_list&quot;:[]}\">\n\t\t\t\t<div class=\"elementor-element elementor-element-1646a9e elementor-widget elementor-widget-heading\" data-id=\"1646a9e\" data-element_type=\"widget\" data-widget_type=\"heading.default\">\n\t\t\t\t<div class=\"elementor-widget-container\">\n\t\t\t\t\t<p class=\"elementor-heading-title elementor-size-default\">General information  <\/p>\t\t\t\t<\/div>\n\t\t\t\t<\/div>\n\t\t\t\t<div class=\"elementor-element elementor-element-0c9abf3 elementor-widget elementor-widget-text-editor\" data-id=\"0c9abf3\" data-element_type=\"widget\" data-widget_type=\"text-editor.default\">\n\t\t\t\t<div class=\"elementor-widget-container\">\n\t\t\t\t\t\t\t\t\t<p>This Privacy and Cookies Policy sets out the rules for the processing and protection of personal data and the use of cookies, as well as other technologies such as: Google Analytics, Facebook Pixel in connection with Users&#8217; use of the Website and social media profiles maintained by the Administrator.<\/p>\n\t\t\t\t\t\t\t\t<\/div>\n\t\t\t\t<\/div>\n\t\t\t\t<div class=\"elementor-element elementor-element-4a71723 elementor-widget elementor-widget-heading\" data-id=\"4a71723\" data-element_type=\"widget\" data-widget_type=\"heading.default\">\n\t\t\t\t<div class=\"elementor-widget-container\">\n\t\t\t\t\t<p class=\"elementor-heading-title elementor-size-default\">\u00a71.\nDefinitions <\/p>\t\t\t\t<\/div>\n\t\t\t\t<\/div>\n\t\t\t\t<div class=\"elementor-element elementor-element-c1e7455 elementor-widget elementor-widget-text-editor\" data-id=\"c1e7455\" data-element_type=\"widget\" data-widget_type=\"text-editor.default\">\n\t\t\t\t<div class=\"elementor-widget-container\">\n\t\t\t\t\t\t\t\t\t<p>For the purposes of this privacy policy, the following meanings of the following terms are adopted:<\/p>\n<ol>\n<li><strong>Administrator<\/strong> &#8211; BISS Drukarnia Opakowa\u0144 Skowro\u0144ska Sp\u00f3\u0142ka komandytowa, ul.<br \/>\nHandlowa 4, 36-100 Kolbuszowa Poland, NIP: 8141686328 <\/li>\n<li><strong>Website<\/strong> &#8211; the service available at <a href=\"https:\/\/biss.com.pl\">https:\/\/biss.com.pl\/<\/a><\/li>\n<li><strong>User<\/strong> &#8211; any entity that browses the content of the Website.<\/li>\n<li><strong>RODO<\/strong> &#8211; Regulation (EU) 2016\/679 of the European Parliament and of the Council of April 27, 2016.<br \/>\non the protection of individuals with regard to the processing of personal data and on the free movement of such data and repealing Directive 95\/46\/EC <\/li>\n<\/ol>\n\t\t\t\t\t\t\t\t<\/div>\n\t\t\t\t<\/div>\n\t\t\t\t<div class=\"elementor-element elementor-element-0dde706 elementor-widget elementor-widget-heading\" data-id=\"0dde706\" data-element_type=\"widget\" data-widget_type=\"heading.default\">\n\t\t\t\t<div class=\"elementor-widget-container\">\n\t\t\t\t\t<p class=\"elementor-heading-title elementor-size-default\">\u00a72.\nPersonal data <\/p>\t\t\t\t<\/div>\n\t\t\t\t<\/div>\n\t\t\t\t<div class=\"elementor-element elementor-element-8db9542 elementor-widget elementor-widget-text-editor\" data-id=\"8db9542\" data-element_type=\"widget\" data-widget_type=\"text-editor.default\">\n\t\t\t\t<div class=\"elementor-widget-container\">\n\t\t\t\t\t\t\t\t\t<ol>\n<li>The administrator of the User&#8217;s personal data within the meaning of the RODO is the Administrator.<\/li>\n<li>The Administrator processes Users&#8217; data for specific purposes and on a legal basis, which may be the voluntary, specific, informed and unambiguous consent of the User expressed, for example, through the appropriate form on the Website.<br \/>\nUsers&#8217; personal data may also be processed in cases in which the Administrator is obliged to process personal data on the basis of legal regulations or for the purpose of fulfilling a contract concluded between the parties, as well as on the basis of a legitimate interest pursued by the Administrator. <\/li>\n<li>The User may provide his\/her personal data to the Administrator, among others, through forms available on the Website, as well as solutions such as instant messaging and social media profiles, in particular:\n<ol type=\"a\">\n<li><strong>[FORMULARZ ZAPISU NA NEWSLETTER]<\/strong><br \/>Personal data provided to the Administrator by the User within the newsletter sign-up form is processed for the purpose of providing the service of delivering a newsletter containing information about new blog posts, services, news, e-books and webinars.<br \/>\nProvision of personal data by the User is voluntary, but necessary for the User to subscribe and receive the newsletter.<br \/>\nData processing takes place on the basis of an agreement (legal basis art.6.1.b RODO) concluded using the newsletter sign-up form.<br \/>\nThe User may terminate the agreement by unsubscribing according to the instructions contained in each Newsletter or by sending the appropriate statement to the Administrator&#8217;s email address.   <\/li>\n<li><strong>[FORMULARZ KONTAKTOWY]<\/strong><br \/>Personal data provided to the Administrator by the User within the contact form or in an email sent to the Administrator&#8217;s address provided on the Website are processed in order to respond to the inquiry sent.<br \/>\nProvision of personal data by the User is voluntary, but necessary for the User to receive a response.<br \/>\nData processing for this purpose is based on the legitimate interest pursued by the Administrator (Art.6(1)(f) RODO).<br \/>\nThe data will be processed until the correspondence is completed and until the statute of limitations for possible claims.   <\/li>\n<li><strong>[MEDIA SPO\u0141ECZNO\u015aCIOWE I KOMUNIKATORY INTERNETOWE]<\/strong><br \/>The personal data provided to the Administrator by the User as part of his\/her social media profiles or message sent via instant messaging are processed in order to respond to the inquiry sent.<br \/>\nProvision of personal data by the User is voluntary, but necessary for the User to receive a response.<br \/>\nData processing for this purpose is based on the legitimate interest pursued by the administrator (Art.6(1)(f) RODO).<br \/>\nThe data will be processed until the correspondence is completed and until the statute of limitations for possible claims.   <\/li>\n<\/ol>\n<\/li>\n<li>The Administrator may entrust personal data to other entities with the help of which he realizes the purposes indicated in the preceding paragraphs (e.g., companies providing hosting services, an accounting firm, a company providing an e-mailing application).<\/li>\n<li>Your personal data will not be transferred to recipients from third countries or international organizations that do not provide an adequate degree of protection.<br \/>\nAn adequate degree of protection must be confirmed by an appropriate decision of the European Commission or other binding legal instrument. <\/li>\n<li>The administrator guarantees the confidentiality of any personal data provided to him.<\/li>\n<li>Personal data shall be collected with due diligence and adequately protected from access by unauthorized persons, and its processing shall be carried out in accordance with and under the conditions set forth in detail in:\n<ol type=\"a\">\n<li>Regulation (EU) 2016\/679 of the European Parliament and of the Council of April 27, 2016.<br \/>\non the protection of natural persons with regard to the processing of personal data and on the free movement of such data and the repeal of Directive 95\/46\/EC, <\/li>\n<li>Act of July 18, 2002 on the provision of electronic services,<\/li>\n<li>Law of May 10, 2018 on the protection of personal data.<\/li>\n<\/ol>\n<\/li>\n<\/ol>\n\t\t\t\t\t\t\t\t<\/div>\n\t\t\t\t<\/div>\n\t\t\t\t<div class=\"elementor-element elementor-element-5c5d049 elementor-widget elementor-widget-heading\" data-id=\"5c5d049\" data-element_type=\"widget\" data-widget_type=\"heading.default\">\n\t\t\t\t<div class=\"elementor-widget-container\">\n\t\t\t\t\t<p class=\"elementor-heading-title elementor-size-default\">\u00a73.\nUser rights <\/p>\t\t\t\t<\/div>\n\t\t\t\t<\/div>\n\t\t\t\t<div class=\"elementor-element elementor-element-3ce1cd3 elementor-widget elementor-widget-text-editor\" data-id=\"3ce1cd3\" data-element_type=\"widget\" data-widget_type=\"text-editor.default\">\n\t\t\t\t<div class=\"elementor-widget-container\">\n\t\t\t\t\t\t\t\t\t<ol>\n    <li>Users have rights related to the processing of their personal data, including:  <ol type=\"a\">\n            <li>right of access to data<\/li>\n            <li>right to rectification<\/li>\n            <li>The right to restrict data processing<\/li>\n            <li>The right to object to the processing<\/li>\n            <li>The right to erasure of data (the so-called right to be forgotten)<\/li>\n<li>right to data portability<\/li>\n<li>The right to lodge a complaint with a supervisory authority in relation to the processing of personal data by the Controller<\/li>\n        <\/ol>\n    <\/li>\n    <li>You have the right to revoke your consent at any time if you have previously given it.  <\/li>\n    <li>In order to exercise his\/her rights, the User should direct the appropriate request to: <a href=\"mailto:biuro@biss.com.pl\">biuro@biss.com.pl<\/a>\n    <\/li>\n<\/ol>\t\t\t\t\t\t\t\t<\/div>\n\t\t\t\t<\/div>\n\t\t\t\t<div class=\"elementor-element elementor-element-3628a0d elementor-widget elementor-widget-heading\" data-id=\"3628a0d\" data-element_type=\"widget\" data-widget_type=\"heading.default\">\n\t\t\t\t<div class=\"elementor-widget-container\">\n\t\t\t\t\t<p class=\"elementor-heading-title elementor-size-default\">\u00a74.\nCookies and other information <\/p>\t\t\t\t<\/div>\n\t\t\t\t<\/div>\n\t\t\t\t<div class=\"elementor-element elementor-element-2130b68 elementor-widget elementor-widget-text-editor\" data-id=\"2130b68\" data-element_type=\"widget\" data-widget_type=\"text-editor.default\">\n\t\t\t\t<div class=\"elementor-widget-container\">\n\t\t\t\t\t\t\t\t\t<ol>\n    <li>When the User uses the Website, data about the User is automatically collected. This data includes, but is not limited to: IP address, domain name, browser type, operating system type. This data may be collected by cookies (so-called &#8220;cookies&#8221;), and may also be recorded in server logs.  <\/li>\n    <li>Cookies (so-called &#8220;cookies&#8221;) are files sent to the User&#8217;s computer or other device (e.g. laptop, smartphone, tablet) and stored there when the User browses the Website.\nCookies remember the User&#8217;s preferences and behaviors, which makes it possible to improve the quality of the services provided, improve search results and the relevance of the information displayed, including advertisements, and anonymously track the User&#8217;s preferences. <\/li>\n    <li>The current list of cookies used on the Website is available in a dialog box that is part of the Consent Mode technology implemented on the Website.\nThe dialog box is launched automatically when you access the Website for the first time or by clicking on the &#8220;Cookie Settings&#8221; button located in the footer of the Website.   <\/li>\n    <li>The User may consent to the use of cookies on his\/her terminal device by using the cookie information dialog box provided on the Website.\nHe or she may also do so through the settings of the browser installed on the User&#8217;s device.\nIn the same way, the User may revoke his consent or change its scope at any time.    <\/li>\n    <li>The User may also delete existing cookies from his\/her device by using the appropriate functions of the Internet browser, programs for this purpose or tools available within the operating system used by the User.<\/li>\n    <li>Data recorded in server logs or through cookies are not linked by the Administrator in any way to specific Website Users and are not used by the Administrator to identify a User.\nServer logs are used to administer the Website, and their contents are not disclosed to anyone except those authorized to administer the server.   <\/li>\n    <li>The Website uses technologies that anonymously record the actions taken by the User while using the Website. These include:  <ol type=\"a\">\n            <li>Google Analytics &#8211; used to analyze the statistics of the Website<\/li>\n            <li>Google Tag Manager &#8211; used to check the advertising effectiveness of the Site<\/li>\n            <li>Hotjar &#8211; used to analyze user behavior on the Site<\/li>\n            <li>Facebook Pixel &#8211; used to manage and optimize Facebook advertising  <\/li>\n            <li>YouTube &#8211; used to track views of videos embedded on the Site<\/li>\n            <li>Mailer Lite &#8211; used to track visits coming from clicks on links from the Newsletter<\/li>\n        <\/ol>\n    <\/li><li>The data obtained by these tools are not linked in any way to specific Users of the Website and are not used by the Administrator to identify the User.<\/li>\n    <li>The consequence of using the technologies listed in \u00a7 3 item.\n7 will be the optimization of the Website, its content and offerings to the User&#8217;s needs. <\/li>\n    \n<\/ol>\t\t\t\t\t\t\t\t<\/div>\n\t\t\t\t<\/div>\n\t\t\t\t<div class=\"elementor-element elementor-element-53a8a9a elementor-widget elementor-widget-heading\" data-id=\"53a8a9a\" data-element_type=\"widget\" data-widget_type=\"heading.default\">\n\t\t\t\t<div class=\"elementor-widget-container\">\n\t\t\t\t\t<p class=\"elementor-heading-title elementor-size-default\">\u00a75.\nPurpose of data use <\/p>\t\t\t\t<\/div>\n\t\t\t\t<\/div>\n\t\t\t\t<div class=\"elementor-element elementor-element-81d07a0 elementor-widget elementor-widget-text-editor\" data-id=\"81d07a0\" data-element_type=\"widget\" data-widget_type=\"text-editor.default\">\n\t\t\t\t<div class=\"elementor-widget-container\">\n\t\t\t\t\t\t\t\t\tData provided by the User or collected automatically is used by the Administrator for the purpose of:  <ol type=\"a\">\n            <li>Proper functioning, configuration, security of the Website,<\/li>\n            <li>session status monitoring,<\/li>\n            <li>Analysis, research and audit of Website impressions,  <\/li>\n<li>As well as for statistical and marketing purposes.<\/li>\n<\/ol>\n\t\t\t\t\t\t\t\t<\/div>\n\t\t\t\t<\/div>\n\t\t\t\t<div class=\"elementor-element elementor-element-9d58b5b elementor-widget elementor-widget-heading\" data-id=\"9d58b5b\" data-element_type=\"widget\" data-widget_type=\"heading.default\">\n\t\t\t\t<div class=\"elementor-widget-container\">\n\t\t\t\t\t<p class=\"elementor-heading-title elementor-size-default\">\u00a76.\nFinal provisions <\/p>\t\t\t\t<\/div>\n\t\t\t\t<\/div>\n\t\t\t\t<div class=\"elementor-element elementor-element-f6c868e elementor-widget elementor-widget-text-editor\" data-id=\"f6c868e\" data-element_type=\"widget\" data-widget_type=\"text-editor.default\">\n\t\t\t\t<div class=\"elementor-widget-container\">\n\t\t\t\t\t\t\t\t\t<ol>\n<li>There may be changes to this document, which may be affected by developments in Internet technology, changes in data protection laws and the development of our Website.<br \/>\nAny changes will be communicated to Users immediately in a visible and understandable manner. <\/li>\n<li>If you have any questions or comments regarding the Privacy and Cookies Policy, please contact: <a href=\"mailto:biuro@biss.com.pl\">biuro@biss.com.pl<\/a><\/li>\n<\/ol>\n\t\t\t\t\t\t\t\t<\/div>\n\t\t\t\t<\/div>\n\t\t\t\t<\/div>\n\t\t\t\t\t<\/div>\n\t\t\t\t<\/div>\n\t\t\t\t<\/div>\n\t\t","protected":false},"excerpt":{"rendered":"<p>Privacy and cookies policy of https:\/\/biss.com.pl\/ General information This Privacy and Cookies Policy sets out the rules for the processing and protection of personal data and the use of cookies, as well as other technologies such as: Google Analytics, Facebook Pixel in connection with Users&#8217; use of the Website and social media profiles maintained by [&hellip;]<\/p>\n","protected":false},"author":5,"featured_media":0,"parent":0,"menu_order":0,"comment_status":"closed","ping_status":"closed","template":"","meta":{"_acf_changed":false,"footnotes":""},"class_list":["post-8196","page","type-page","status-publish","hentry"],"acf":[],"_links":{"self":[{"href":"https:\/\/biss.com.pl\/en\/wp-json\/wp\/v2\/pages\/8196","targetHints":{"allow":["GET"]}}],"collection":[{"href":"https:\/\/biss.com.pl\/en\/wp-json\/wp\/v2\/pages"}],"about":[{"href":"https:\/\/biss.com.pl\/en\/wp-json\/wp\/v2\/types\/page"}],"author":[{"embeddable":true,"href":"https:\/\/biss.com.pl\/en\/wp-json\/wp\/v2\/users\/5"}],"replies":[{"embeddable":true,"href":"https:\/\/biss.com.pl\/en\/wp-json\/wp\/v2\/comments?post=8196"}],"version-history":[{"count":0,"href":"https:\/\/biss.com.pl\/en\/wp-json\/wp\/v2\/pages\/8196\/revisions"}],"wp:attachment":[{"href":"https:\/\/biss.com.pl\/en\/wp-json\/wp\/v2\/media?parent=8196"}],"curies":[{"name":"wp","href":"https:\/\/api.w.org\/{rel}","templated":true}]}}